{"id":26,"date":"2023-09-26T12:40:29","date_gmt":"2023-09-26T12:40:29","guid":{"rendered":"https:\/\/ggs.cl\/inicio\/?page_id=26"},"modified":"2023-11-09T12:23:48","modified_gmt":"2023-11-09T12:23:48","slug":"inicio","status":"publish","type":"page","link":"https:\/\/ggs.cl\/index.php\/inicio\/","title":{"rendered":"INICIO"},"content":{"rendered":"<div class=\"wpb-content-wrapper\"><p>[vc_row row_height_percent=\u00bb75&#8243; override_padding=\u00bbyes\u00bb h_padding=\u00bb2&#8243; top_padding=\u00bb5&#8243; bottom_padding=\u00bb5&#8243; back_color=\u00bbcolor-jevc\u00bb back_image=\u00bb54&#8243; parallax=\u00bbyes\u00bb overlay_color=\u00bbcolor-jevc\u00bb overlay_alpha=\u00bb49&#8243; gutter_size=\u00bb100&#8243; column_width_percent=\u00bb100&#8243; shift_y=\u00bb0&#8243; z_index=\u00bb0&#8243; bottom_divider=\u00bbstep\u00bb style=\u00bbinherited\u00bb css=\u00bb.vc_custom_1696330665103{border-top-width: 0px !important;}\u00bb el_class=\u00bbhomepage-search\u00bb uncode_shortcode_id=\u00bb109016&#8243; back_color_type=\u00bbuncode-palette\u00bb overlay_color_type=\u00bbuncode-palette\u00bb][vc_column column_width_percent=\u00bb100&#8243; position_vertical=\u00bbmiddle\u00bb gutter_size=\u00bb2&#8243; style=\u00bbdark\u00bb overlay_alpha=\u00bb100&#8243; shift_x=\u00bb0&#8243; shift_y=\u00bb0&#8243; shift_y_down=\u00bb0&#8243; z_index=\u00bb0&#8243; medium_width=\u00bb0&#8243; mobile_width=\u00bb0&#8243; zoom_width=\u00bb0&#8243; zoom_height=\u00bb0&#8243; width=\u00bb1\/1&#8243; uncode_shortcode_id=\u00bb462719&#8243;][vc_row_inner limit_content=\u00bb\u00bb][vc_column_inner column_width_percent=\u00bb100&#8243; gutter_size=\u00bb2&#8243; style=\u00bbdark\u00bb overlay_alpha=\u00bb50&#8243; shift_x=\u00bb0&#8243; shift_y=\u00bb0&#8243; shift_y_down=\u00bb0&#8243; z_index=\u00bb0&#8243; medium_width=\u00bb0&#8243; mobile_width=\u00bb0&#8243; width=\u00bb2\/3&#8243; uncode_shortcode_id=\u00bb366743&#8243;][vc_custom_heading text_size=\u00bbh4&#8243; uncode_shortcode_id=\u00bb983064&#8243;]CENTRO OLEOHIDR\u00c1ULICO[\/vc_custom_heading][vc_custom_heading text_size=\u00bbh1&#8243; separator=\u00bbyes\u00bb separator_color=\u00bbyes\u00bb uncode_shortcode_id=\u00bb521973&#8243;]SOMOS EXPERTOS EN REPARACI\u00d3N, CREACI\u00d3N DE PIEZAS Y SOLUCIONES PARA LA MINER\u00cdA[\/vc_custom_heading][vc_empty_space empty_h=\u00bb1&#8243;][vc_button button_color=\u00bbaccent\u00bb border_width=\u00bb0&#8243; link=\u00bburl:%23|||\u00bb button_color_type=\u00bbuncode-palette\u00bb uncode_shortcode_id=\u00bb635823&#8243;]CONTACTA UN EJECUTIVO[\/vc_button][vc_empty_space empty_h=\u00bb3&#8243;][\/vc_column_inner][vc_column_inner width=\u00bb1\/3&#8243;][vc_single_image media=\u00bb80&#8243; media_width_percent=\u00bb100&#8243; advanced=\u00bbyes\u00bb media_overlay_opacity=\u00bb50&#8243; media_overlay_anim=\u00bbno\u00bb media_text_anim=\u00bbno\u00bb media_padding=\u00bb2&#8243; no_double_tap=\u00bbyes\u00bb uncode_shortcode_id=\u00bb621960&#8243;][\/vc_column_inner][\/vc_row_inner][\/vc_column][\/vc_row][vc_row row_height_percent=\u00bb0&#8243; override_padding=\u00bbyes\u00bb h_padding=\u00bb2&#8243; top_padding=\u00bb0&#8243; bottom_padding=\u00bb5&#8243; back_color=\u00bbcolor-gyho\u00bb overlay_alpha=\u00bb50&#8243; gutter_size=\u00bb3&#8243; column_width_percent=\u00bb100&#8243; shift_y=\u00bb0&#8243; z_index=\u00bb0&#8243; top_divider=\u00bbgradient\u00bb bottom_divider=\u00bbgradient\u00bb][vc_column column_width_percent=\u00bb100&#8243; gutter_size=\u00bb3&#8243; overlay_alpha=\u00bb50&#8243; shift_x=\u00bb0&#8243; shift_y=\u00bb-4&#8243; shift_y_fixed=\u00bbyes\u00bb shift_y_down=\u00bb0&#8243; z_index=\u00bb0&#8243; medium_width=\u00bb0&#8243; mobile_width=\u00bb0&#8243; width=\u00bb1\/1&#8243;][vc_row_inner limit_content=\u00bb\u00bb][vc_column_inner column_width_percent=\u00bb100&#8243; gutter_size=\u00bb2&#8243; override_padding=\u00bbyes\u00bb column_padding=\u00bb2&#8243; expand_height=\u00bbyes\u00bb back_color=\u00bbcolor-xsdn\u00bb overlay_alpha=\u00bb50&#8243; shift_x=\u00bb0&#8243; shift_y=\u00bb0&#8243; shift_y_down=\u00bb0&#8243; z_index=\u00bb0&#8243; medium_width=\u00bb3&#8243; mobile_width=\u00bb0&#8243; radius=\u00bbsm\u00bb shadow=\u00bbxs\u00bb shadow_hover=\u00bbyes\u00bb shadow_hover_weight=\u00bbstd\u00bb width=\u00bb1\/3&#8243; uncode_shortcode_id=\u00bb204778&#8243; back_color_type=\u00bbuncode-palette\u00bb][vc_single_image media=\u00bb136&#8243; media_width_percent=\u00bb100&#8243; media_ratio=\u00bbfour-three\u00bb alignment=\u00bbcenter\u00bb uncode_shortcode_id=\u00bb218831&#8243;][vc_custom_heading text_color=\u00bbaccent\u00bb text_size=\u00bbh4&#8243; sub_lead=\u00bbsmall\u00bb uncode_shortcode_id=\u00bb423067&#8243; text_color_type=\u00bbuncode-palette\u00bb subheading=\u00bbGGS es especialista en recuperaci\u00f3n de cilindros oleohidr\u00e1ulicos, suspensi\u00f3n&#8230;\u00bb]Cilindros Hidr\u00e1ulicos[\/vc_custom_heading][vc_button button_color=\u00bbaccent\u00bb size=\u00bblink\u00bb icon_position=\u00bbright\u00bb link=\u00bburl:%23|||\u00bb button_color_type=\u00bbuncode-palette\u00bb icon=\u00bbfa fa-long-arrow-right\u00bb uncode_shortcode_id=\u00bb160145&#8243;]M\u00e1s Informaci\u00f3n[\/vc_button][\/vc_column_inner][vc_column_inner column_width_percent=\u00bb100&#8243; gutter_size=\u00bb2&#8243; override_padding=\u00bbyes\u00bb column_padding=\u00bb2&#8243; expand_height=\u00bbyes\u00bb back_color=\u00bbcolor-xsdn\u00bb overlay_alpha=\u00bb50&#8243; shift_x=\u00bb0&#8243; shift_y=\u00bb0&#8243; shift_y_down=\u00bb0&#8243; z_index=\u00bb0&#8243; medium_width=\u00bb3&#8243; mobile_width=\u00bb0&#8243; radius=\u00bbsm\u00bb shadow=\u00bbxs\u00bb shadow_hover=\u00bbyes\u00bb shadow_hover_weight=\u00bbstd\u00bb width=\u00bb1\/3&#8243; uncode_shortcode_id=\u00bb170108&#8243; back_color_type=\u00bbuncode-palette\u00bb][vc_gallery el_id=\u00bbgallery-107325&#8243; type=\u00bbcarousel\u00bb medias=\u00bb169,170,171,42&#8243; carousel_lg=\u00bb1&#8243; carousel_md=\u00bb1&#8243; carousel_sm=\u00bb1&#8243; thumb_size=\u00bbfour-three\u00bb gutter_size=\u00bb0&#8243; carousel_interval=\u00bb3000&#8243; carousel_navspeed=\u00bb400&#8243; carousel_loop=\u00bbyes\u00bb stage_padding=\u00bb0&#8243; single_overlay_opacity=\u00bb50&#8243; single_padding=\u00bb2&#8243; uncode_shortcode_id=\u00bb163128&#8243;][vc_custom_heading text_color=\u00bbaccent\u00bb text_size=\u00bbh4&#8243; sub_lead=\u00bbsmall\u00bb uncode_shortcode_id=\u00bb345034&#8243; text_color_type=\u00bbuncode-palette\u00bb subheading=\u00bbContamos con un equipo de tecnicos especialistas en CAT, KOMATSIU HITACHI y otras marcas&#8230;\u00bb]Mandos Finales, Diferenciales,Transmisi\u00f3n, Convertidores, Mazas y Frenos[\/vc_custom_heading][vc_button button_color=\u00bbaccent\u00bb size=\u00bblink\u00bb icon_position=\u00bbright\u00bb link=\u00bburl:%23|||\u00bb button_color_type=\u00bbuncode-palette\u00bb icon=\u00bbfa fa-long-arrow-right\u00bb uncode_shortcode_id=\u00bb160145&#8243;]M\u00e1s Informaci\u00f3n[\/vc_button][\/vc_column_inner][vc_column_inner column_width_percent=\u00bb100&#8243; gutter_size=\u00bb2&#8243; override_padding=\u00bbyes\u00bb column_padding=\u00bb2&#8243; expand_height=\u00bbyes\u00bb back_color=\u00bbcolor-xsdn\u00bb overlay_alpha=\u00bb50&#8243; shift_x=\u00bb0&#8243; shift_y=\u00bb0&#8243; shift_y_down=\u00bb0&#8243; z_index=\u00bb0&#8243; medium_width=\u00bb3&#8243; mobile_width=\u00bb0&#8243; radius=\u00bbsm\u00bb shadow=\u00bbxs\u00bb shadow_hover=\u00bbyes\u00bb shadow_hover_weight=\u00bbstd\u00bb width=\u00bb1\/3&#8243; link_to=\u00bb|||\u00bb uncode_shortcode_id=\u00bb206636&#8243; back_color_type=\u00bbuncode-palette\u00bb][vc_single_image media=\u00bb95&#8243; media_width_percent=\u00bb100&#8243; media_ratio=\u00bbfour-three\u00bb uncode_shortcode_id=\u00bb154496&#8243;][vc_custom_heading text_color=\u00bbaccent\u00bb text_size=\u00bbh4&#8243; sub_lead=\u00bbsmall\u00bb uncode_shortcode_id=\u00bb120543&#8243; text_color_type=\u00bbuncode-palette\u00bb subheading=\u00bbContamos con la capacidad t\u00e9cnica que nos permite abarcar principalmente maquinaria&#8230;\u00bb]Recuperaci\u00f3n de V\u00e1stagos[\/vc_custom_heading][vc_button button_color=\u00bbaccent\u00bb size=\u00bblink\u00bb icon_position=\u00bbright\u00bb link=\u00bburl:%23|||\u00bb button_color_type=\u00bbuncode-palette\u00bb icon=\u00bbfa fa-long-arrow-right\u00bb uncode_shortcode_id=\u00bb160145&#8243;]M\u00e1s Informaci\u00f3n[\/vc_button][\/vc_column_inner][\/vc_row_inner][vc_row_inner limit_content=\u00bb\u00bb][vc_column_inner column_width_percent=\u00bb100&#8243; gutter_size=\u00bb2&#8243; override_padding=\u00bbyes\u00bb column_padding=\u00bb2&#8243; expand_height=\u00bbyes\u00bb back_color=\u00bbcolor-xsdn\u00bb overlay_alpha=\u00bb50&#8243; shift_x=\u00bb0&#8243; shift_y=\u00bb0&#8243; shift_y_down=\u00bb0&#8243; z_index=\u00bb0&#8243; medium_width=\u00bb3&#8243; mobile_width=\u00bb0&#8243; radius=\u00bbsm\u00bb shadow=\u00bbxs\u00bb shadow_hover=\u00bbyes\u00bb shadow_hover_weight=\u00bbstd\u00bb width=\u00bb1\/3&#8243; uncode_shortcode_id=\u00bb204778&#8243; back_color_type=\u00bbuncode-palette\u00bb][vc_single_image media=\u00bb93&#8243; media_width_percent=\u00bb100&#8243; media_ratio=\u00bbfour-three\u00bb uncode_shortcode_id=\u00bb101686&#8243;][vc_custom_heading text_color=\u00bbaccent\u00bb text_size=\u00bbh4&#8243; sub_lead=\u00bbsmall\u00bb uncode_shortcode_id=\u00bb106112&#8243; text_color_type=\u00bbuncode-palette\u00bb subheading=\u00bbNuestro departamento de estructura y mecanizado se especializa en la recuperaci\u00f3n de componentes estructurales cr\u00edticos&#8230;\u00bb]Recuperaciones Especiales y Barrenado[\/vc_custom_heading][vc_button button_color=\u00bbaccent\u00bb size=\u00bblink\u00bb icon_position=\u00bbright\u00bb link=\u00bburl:%23|||\u00bb button_color_type=\u00bbuncode-palette\u00bb icon=\u00bbfa fa-long-arrow-right\u00bb uncode_shortcode_id=\u00bb160145&#8243;]M\u00e1s Informaci\u00f3n[\/vc_button][\/vc_column_inner][vc_column_inner column_width_percent=\u00bb100&#8243; gutter_size=\u00bb2&#8243; override_padding=\u00bbyes\u00bb column_padding=\u00bb2&#8243; expand_height=\u00bbyes\u00bb back_color=\u00bbcolor-xsdn\u00bb overlay_alpha=\u00bb50&#8243; shift_x=\u00bb0&#8243; shift_y=\u00bb0&#8243; shift_y_down=\u00bb0&#8243; z_index=\u00bb0&#8243; medium_width=\u00bb3&#8243; mobile_width=\u00bb0&#8243; radius=\u00bbsm\u00bb shadow=\u00bbxs\u00bb shadow_hover=\u00bbyes\u00bb shadow_hover_weight=\u00bbstd\u00bb width=\u00bb1\/3&#8243; uncode_shortcode_id=\u00bb170108&#8243; back_color_type=\u00bbuncode-palette\u00bb][vc_single_image media=\u00bb94&#8243; media_width_percent=\u00bb100&#8243; media_ratio=\u00bbfour-three\u00bb uncode_shortcode_id=\u00bb123218&#8243;][vc_custom_heading text_color=\u00bbaccent\u00bb text_size=\u00bbh4&#8243; sub_lead=\u00bbsmall\u00bb uncode_shortcode_id=\u00bb110130&#8243; text_color_type=\u00bbuncode-palette\u00bb subheading=\u00bbNuestra bru\u00f1idora automatizada permite brun\u00eddos de grandes diametros y largos\u00bb]Bru\u00f1ido[\/vc_custom_heading][vc_button button_color=\u00bbaccent\u00bb size=\u00bblink\u00bb icon_position=\u00bbright\u00bb link=\u00bburl:%23|||\u00bb button_color_type=\u00bbuncode-palette\u00bb icon=\u00bbfa fa-long-arrow-right\u00bb uncode_shortcode_id=\u00bb160145&#8243;]M\u00e1s Informaci\u00f3n[\/vc_button][\/vc_column_inner][vc_column_inner column_width_percent=\u00bb100&#8243; gutter_size=\u00bb2&#8243; override_padding=\u00bbyes\u00bb column_padding=\u00bb2&#8243; expand_height=\u00bbyes\u00bb back_color=\u00bbcolor-xsdn\u00bb overlay_alpha=\u00bb50&#8243; shift_x=\u00bb0&#8243; shift_y=\u00bb0&#8243; shift_y_down=\u00bb0&#8243; z_index=\u00bb0&#8243; medium_width=\u00bb3&#8243; mobile_width=\u00bb0&#8243; radius=\u00bbsm\u00bb shadow=\u00bbxs\u00bb shadow_hover=\u00bbyes\u00bb shadow_hover_weight=\u00bbstd\u00bb width=\u00bb1\/3&#8243; link_to=\u00bb|||\u00bb uncode_shortcode_id=\u00bb206636&#8243; back_color_type=\u00bbuncode-palette\u00bb][vc_single_image media=\u00bb144&#8243; media_width_percent=\u00bb100&#8243; media_ratio=\u00bbfour-three\u00bb uncode_shortcode_id=\u00bb687921&#8243;][vc_custom_heading text_color=\u00bbaccent\u00bb text_size=\u00bbh4&#8243; sub_lead=\u00bbsmall\u00bb uncode_shortcode_id=\u00bb218118&#8243; text_color_type=\u00bbuncode-palette\u00bb subheading=\u00bbEn GGS contamos con cromo duro industrial, pudiendo cromar vastagos y suspensiones&#8230;\u00bb]Importaci\u00f3n de Repuestos y Sellos[\/vc_custom_heading][vc_button button_color=\u00bbaccent\u00bb size=\u00bblink\u00bb icon_position=\u00bbright\u00bb link=\u00bburl:%23|||\u00bb button_color_type=\u00bbuncode-palette\u00bb icon=\u00bbfa fa-long-arrow-right\u00bb uncode_shortcode_id=\u00bb160145&#8243;]M\u00e1s Informaci\u00f3n[\/vc_button][\/vc_column_inner][\/vc_row_inner][vc_row_inner row_inner_height_percent=\u00bb0&#8243; back_color=\u00bbcolor-jevc\u00bb back_image=\u00bb180&#8243; overlay_color=\u00bbcolor-jevc\u00bb overlay_alpha=\u00bb58&#8243; gutter_size=\u00bb3&#8243; shift_y=\u00bb0&#8243; z_index=\u00bb0&#8243; uncode_shortcode_id=\u00bb126005&#8243; back_color_type=\u00bbuncode-palette\u00bb overlay_color_type=\u00bbuncode-palette\u00bb limit_content=\u00bb\u00bb shape_dividers=\u00bb\u00bb][vc_column_inner column_width_percent=\u00bb100&#8243; gutter_size=\u00bb2&#8243; override_padding=\u00bbyes\u00bb column_padding=\u00bb3&#8243; style=\u00bbdark\u00bb overlay_alpha=\u00bb50&#8243; shift_x=\u00bb0&#8243; shift_y=\u00bb0&#8243; shift_y_down=\u00bb0&#8243; z_index=\u00bb0&#8243; medium_width=\u00bb0&#8243; mobile_width=\u00bb0&#8243; radius=\u00bbsm\u00bb width=\u00bb2\/3&#8243; uncode_shortcode_id=\u00bb737656&#8243;][vc_custom_heading sub_lead=\u00bbyes\u00bb uncode_shortcode_id=\u00bb133402&#8243; subheading=\u00bbPoseemos una flota de veh\u00edculos completamente equipados con est\u00e1ndar minero, lo que nos permite el retiro y despacho de cualquier componente a lo largo de todo Chile\u00bb]Log\u00edstica[\/vc_custom_heading][\/vc_column_inner][vc_column_inner column_width_percent=\u00bb100&#8243; position_vertical=\u00bbmiddle\u00bb align_horizontal=\u00bbalign_center\u00bb gutter_size=\u00bb2&#8243; override_padding=\u00bbyes\u00bb column_padding=\u00bb3&#8243; style=\u00bbdark\u00bb overlay_alpha=\u00bb50&#8243; shift_x=\u00bb0&#8243; shift_y=\u00bb0&#8243; shift_y_down=\u00bb0&#8243; z_index=\u00bb0&#8243; medium_width=\u00bb0&#8243; mobile_width=\u00bb0&#8243; radius=\u00bbsm\u00bb width=\u00bb1\/3&#8243; uncode_shortcode_id=\u00bb116002&#8243;][vc_button outline=\u00bbyes\u00bb border_width=\u00bb0&#8243; uncode_shortcode_id=\u00bb138609&#8243;]CONTACTA UN EJECUTIVO[\/vc_button][\/vc_column_inner][\/vc_row_inner][\/vc_column][\/vc_row][vc_row row_height_percent=\u00bb0&#8243; override_padding=\u00bbyes\u00bb h_padding=\u00bb2&#8243; top_padding=\u00bb2&#8243; bottom_padding=\u00bb2&#8243; overlay_alpha=\u00bb50&#8243; gutter_size=\u00bb3&#8243; column_width_percent=\u00bb100&#8243; shift_y=\u00bb0&#8243; z_index=\u00bb0&#8243; uncode_shortcode_id=\u00bb200946&#8243;][vc_column width=\u00bb1\/1&#8243;][vc_custom_heading separator=\u00bbyes\u00bb separator_color=\u00bbyes\u00bb uncode_shortcode_id=\u00bb847724&#8243;]PROYECTOS DESTACADOS[\/vc_custom_heading][\/vc_column][\/vc_row][vc_row unlock_row_content=\u00bbyes\u00bb row_height_percent=\u00bb65&#8243; override_padding=\u00bbyes\u00bb h_padding=\u00bb0&#8243; top_padding=\u00bb0&#8243; bottom_padding=\u00bb0&#8243; back_color=\u00bbcolor-wayh\u00bb overlay_alpha=\u00bb50&#8243; gutter_size=\u00bb3&#8243; column_width_percent=\u00bb100&#8243; shift_y=\u00bb0&#8243; z_index=\u00bb0&#8243; bottom_divider=\u00bbstep_2_3&#8243; el_class=\u00bboverflow-hidden\u00bb][vc_column column_width_percent=\u00bb100&#8243; gutter_size=\u00bb3&#8243; overlay_alpha=\u00bb50&#8243; shift_x=\u00bb0&#8243; shift_y=\u00bb0&#8243; shift_y_down=\u00bb0&#8243; z_index=\u00bb0&#8243; medium_width=\u00bb0&#8243; mobile_width=\u00bb0&#8243; width=\u00bb1\/1&#8243;][uncode_index el_id=\u00bbindex-635310&#8243; index_type=\u00bbcarousel\u00bb loop=\u00bbsize:9|order_by:date|post_type:portfolio|taxonomy_count:10&#8243; carousel_lg=\u00bb3&#8243; carousel_md=\u00bb1&#8243; carousel_sm=\u00bb1&#8243; thumb_size=\u00bbfluid\u00bb carousel_height_viewport=\u00bb65&#8243; gutter_size=\u00bb0&#8243; post_items=\u00bbmedia|featured|onpost|original,title,category|nobg,spacer|two,link|link\u00bb portfolio_items=\u00bbmedia|featured|onpost|original,category|nobg|relative|display-icon,title,text|excerpt\u00bb carousel_interval=\u00bb0&#8243; carousel_navspeed=\u00bb700&#8243; carousel_loop=\u00bbyes\u00bb carousel_nav=\u00bbyes\u00bb carousel_nav_mobile=\u00bbyes\u00bb carousel_dots=\u00bbyes\u00bb carousel_dots_mobile=\u00bbyes\u00bb carousel_dots_inside=\u00bbyes\u00bb carousel_dot_padding=\u00bb2&#8243; stage_padding=\u00bb0&#8243; single_text=\u00bboverlay\u00bb single_overlay_color=\u00bbcolor-wayh\u00bb single_overlay_opacity=\u00bb50&#8243; single_text_anim_type=\u00bbbtt\u00bb single_h_align=\u00bbcenter\u00bb single_padding=\u00bb3&#8243; single_text_reduced=\u00bbyes\u00bb single_title_dimension=\u00bbh4&#8243; single_border=\u00bbyes\u00bb single_css_animation=\u00bbbottom-t-top\u00bb single_animation_delay=\u00bb400&#8243; single_animation_first=\u00bbyes\u00bb single_image_anim_move=\u00bbyes\u00bb uncode_shortcode_id=\u00bb807902&#8243;][\/vc_column][\/vc_row][vc_row row_height_percent=\u00bb0&#8243; override_padding=\u00bbyes\u00bb h_padding=\u00bb2&#8243; top_padding=\u00bb2&#8243; bottom_padding=\u00bb2&#8243; overlay_alpha=\u00bb50&#8243; gutter_size=\u00bb3&#8243; column_width_percent=\u00bb100&#8243; shift_y=\u00bb0&#8243; z_index=\u00bb0&#8243; uncode_shortcode_id=\u00bb200946&#8243;][vc_column width=\u00bb1\/1&#8243;][vc_custom_heading separator=\u00bbyes\u00bb separator_color=\u00bbyes\u00bb uncode_shortcode_id=\u00bb180611&#8243;]CENTRO OLEOHIDR\u00c1ULICO[\/vc_custom_heading][\/vc_column][\/vc_row][vc_row][vc_column width=\u00bb1\/2&#8243;][vc_single_image media=\u00bb73&#8243; media_width_percent=\u00bb100&#8243; uncode_shortcode_id=\u00bb199359&#8243;][\/vc_column][vc_column width=\u00bb1\/2&#8243;][vc_column_text uncode_shortcode_id=\u00bb685291&#8243;]<\/p>\n<blockquote>\n<p><em>Es una empresa con m\u00e1s de 25 a\u00f1os experiencia. Especialista en el desarrollo, fabricaci\u00f3n e importaci\u00f3n de sellos hidr\u00e1ulicos.<\/em><\/p>\n<\/blockquote>\n<p>Reparaci\u00f3n y fabricaci\u00f3n de cilindros para \u00f3leo-hidr\u00e1ulica y neum\u00e1tica. Mecanizado de partes y piezas especiales. Importaci\u00f3n de repuestos para todo tipo de maquinaria. Asesor\u00eda, desarrollo y ejecuci\u00f3n de proyectos. Hoy en d\u00eda GGS, atiende una importante y exigente gama de clientes, que abarca el \u00e1rea industrial, construcci\u00f3n y gran miner\u00eda. Gracias a que contamos con una excelente infraestructura y gran capacidad t\u00e9cnica, podemos otorgar un servicio \u00e1gil y de calidad.[\/vc_column_text][\/vc_column][\/vc_row]<\/p>\n<\/div>","protected":false},"excerpt":{"rendered":"<p>[vc_row row_height_percent=\u00bb75&#8243; override_padding=\u00bbyes\u00bb h_padding=\u00bb2&#8243; top_padding=\u00bb5&#8243; bottom_padding=\u00bb5&#8243; back_color=\u00bbcolor-jevc\u00bb back_image=\u00bb54&#8243; parallax=\u00bbyes\u00bb overlay_color=\u00bbcolor-jevc\u00bb overlay_alpha=\u00bb49&#8243; gutter_size=\u00bb100&#8243; column_width_percent=\u00bb100&#8243; shift_y=\u00bb0&#8243; z_index=\u00bb0&#8243; bottom_divider=\u00bbstep\u00bb style=\u00bbinherited\u00bb css=\u00bb.vc_custom_1696330665103{border-top-width: 0px !important;}\u00bb [&hellip;]<\/p>\n","protected":false},"author":1,"featured_media":0,"parent":0,"menu_order":0,"comment_status":"closed","ping_status":"closed","template":"","meta":{"footnotes":""},"class_list":["post-26","page","type-page","status-publish","hentry"],"_links":{"self":[{"href":"https:\/\/ggs.cl\/index.php\/wp-json\/wp\/v2\/pages\/26","targetHints":{"allow":["GET"]}}],"collection":[{"href":"https:\/\/ggs.cl\/index.php\/wp-json\/wp\/v2\/pages"}],"about":[{"href":"https:\/\/ggs.cl\/index.php\/wp-json\/wp\/v2\/types\/page"}],"author":[{"embeddable":true,"href":"https:\/\/ggs.cl\/index.php\/wp-json\/wp\/v2\/users\/1"}],"replies":[{"embeddable":true,"href":"https:\/\/ggs.cl\/index.php\/wp-json\/wp\/v2\/comments?post=26"}],"version-history":[{"count":45,"href":"https:\/\/ggs.cl\/index.php\/wp-json\/wp\/v2\/pages\/26\/revisions"}],"predecessor-version":[{"id":30,"href":"https:\/\/ggs.cl\/index.php\/wp-json\/wp\/v2\/pages\/26\/revisions\/30"}],"wp:attachment":[{"href":"https:\/\/ggs.cl\/index.php\/wp-json\/wp\/v2\/media?parent=26"}],"curies":[{"name":"wp","href":"https:\/\/api.w.org\/{rel}","templated":true}]}}