{"id":97,"date":"2023-10-11T00:24:25","date_gmt":"2023-10-11T00:24:25","guid":{"rendered":"https:\/\/ggs.cl\/inicio\/?page_id=97"},"modified":"2024-01-30T01:26:45","modified_gmt":"2024-01-30T01:26:45","slug":"acerca-de","status":"publish","type":"page","link":"https:\/\/ggs.cl\/index.php\/acerca-de\/","title":{"rendered":"ACERCA DE"},"content":{"rendered":"<div class=\"wpb-content-wrapper\"><p>[vc_row row_height_percent=\u00bb26&#8243; override_padding=\u00bbyes\u00bb h_padding=\u00bb2&#8243; top_padding=\u00bb3&#8243; bottom_padding=\u00bb0&#8243; back_color=\u00bbcolor-jevc\u00bb back_image=\u00bb138&#8243; parallax=\u00bbyes\u00bb overlay_color=\u00bbcolor-jevc\u00bb overlay_alpha=\u00bb49&#8243; gutter_size=\u00bb100&#8243; column_width_percent=\u00bb100&#8243; shift_y=\u00bb0&#8243; z_index=\u00bb0&#8243; bottom_divider=\u00bbstep\u00bb style=\u00bbinherited\u00bb css=\u00bb.vc_custom_1706577816735{border-top-width: 0px !important;}\u00bb el_class=\u00bbhomepage-search\u00bb uncode_shortcode_id=\u00bb703105&#8243; back_color_type=\u00bbuncode-palette\u00bb overlay_color_type=\u00bbuncode-palette\u00bb][vc_column column_width_percent=\u00bb100&#8243; position_vertical=\u00bbmiddle\u00bb gutter_size=\u00bb2&#8243; style=\u00bbdark\u00bb overlay_alpha=\u00bb100&#8243; shift_x=\u00bb0&#8243; shift_y=\u00bb0&#8243; shift_y_down=\u00bb0&#8243; z_index=\u00bb0&#8243; medium_width=\u00bb0&#8243; mobile_width=\u00bb0&#8243; zoom_width=\u00bb0&#8243; zoom_height=\u00bb0&#8243; width=\u00bb1\/1&#8243; uncode_shortcode_id=\u00bb188746&#8243;][vc_row_inner limit_content=\u00bb\u00bb][vc_column_inner column_width_percent=\u00bb100&#8243; position_vertical=\u00bbmiddle\u00bb gutter_size=\u00bb2&#8243; style=\u00bbdark\u00bb overlay_alpha=\u00bb50&#8243; shift_x=\u00bb0&#8243; shift_y=\u00bb0&#8243; shift_y_down=\u00bb0&#8243; z_index=\u00bb0&#8243; medium_width=\u00bb0&#8243; mobile_width=\u00bb0&#8243; width=\u00bb2\/3&#8243; uncode_shortcode_id=\u00bb156036&#8243;][vc_custom_heading text_size=\u00bbh1&#8243; separator=\u00bbyes\u00bb separator_color=\u00bbyes\u00bb uncode_shortcode_id=\u00bb122750&#8243;]ACERCA DE GGS LTDA[\/vc_custom_heading][\/vc_column_inner][vc_column_inner width=\u00bb1\/3&#8243;][\/vc_column_inner][\/vc_row_inner][\/vc_column][\/vc_row][vc_row unlock_row_content=\u00bbyes\u00bb row_height_percent=\u00bb0&#8243; override_padding=\u00bbyes\u00bb h_padding=\u00bb0&#8243; top_padding=\u00bb0&#8243; bottom_padding=\u00bb0&#8243; back_color=\u00bbaccent\u00bb overlay_alpha=\u00bb49&#8243; gutter_size=\u00bb100&#8243; column_width_percent=\u00bb100&#8243; shift_y=\u00bb0&#8243; z_index=\u00bb0&#8243; bottom_divider=\u00bbstep\u00bb style=\u00bbinherited\u00bb css=\u00bb.vc_custom_1706577784899{border-top-width: 0px !important;}\u00bb el_class=\u00bbhomepage-search\u00bb uncode_shortcode_id=\u00bb452923&#8243; back_color_type=\u00bbuncode-palette\u00bb][vc_column column_width_percent=\u00bb100&#8243; position_vertical=\u00bbmiddle\u00bb gutter_size=\u00bb2&#8243; style=\u00bbdark\u00bb overlay_alpha=\u00bb100&#8243; shift_x=\u00bb0&#8243; shift_y=\u00bb0&#8243; shift_y_down=\u00bb0&#8243; z_index=\u00bb0&#8243; medium_width=\u00bb0&#8243; mobile_width=\u00bb0&#8243; zoom_width=\u00bb0&#8243; zoom_height=\u00bb0&#8243; width=\u00bb1\/1&#8243; uncode_shortcode_id=\u00bb188746&#8243;][vc_single_image media=\u00bb349&#8243; media_width_percent=\u00bb100&#8243; uncode_shortcode_id=\u00bb595160&#8243;][\/vc_column][\/vc_row][vc_row row_height_percent=\u00bb0&#8243; override_padding=\u00bbyes\u00bb h_padding=\u00bb2&#8243; top_padding=\u00bb3&#8243; bottom_padding=\u00bb3&#8243; back_color=\u00bbcolor-rgdb\u00bb back_image=\u00bb352&#8243; overlay_alpha=\u00bb50&#8243; gutter_size=\u00bb3&#8243; column_width_percent=\u00bb100&#8243; shift_y=\u00bb0&#8243; z_index=\u00bb0&#8243; uncode_shortcode_id=\u00bb410602&#8243; back_color_type=\u00bbuncode-palette\u00bb shape_dividers=\u00bb\u00bb][vc_column column_width_percent=\u00bb100&#8243; gutter_size=\u00bb3&#8243; style=\u00bbdark\u00bb overlay_alpha=\u00bb50&#8243; shift_x=\u00bb0&#8243; shift_y=\u00bb0&#8243; shift_y_down=\u00bb0&#8243; z_index=\u00bb0&#8243; medium_width=\u00bb0&#8243; mobile_width=\u00bb0&#8243; width=\u00bb1\/2&#8243; uncode_shortcode_id=\u00bb243055&#8243;][vc_custom_heading text_color=\u00bbaccent\u00bb sub_lead=\u00bbsmall\u00bb uncode_shortcode_id=\u00bb253896&#8243; subheading=\u00bbSer reconocidos como l\u00edderes en soluciones oleohidr\u00e1ulicas, destacando por nuestra excelencia t\u00e9cnica y compromiso inquebrantable con la calidad. Aspiramos a ser la primera elecci\u00f3n para la industria, ofreciendo servicios y productos innovadores que impulsen la eficiencia y confiabilidad en cada aplicaci\u00f3n.\u00bb text_color_type=\u00bbuncode-palette\u00bb]Visi\u00f3n[\/vc_custom_heading][\/vc_column][vc_column column_width_percent=\u00bb100&#8243; gutter_size=\u00bb3&#8243; style=\u00bbdark\u00bb overlay_alpha=\u00bb50&#8243; shift_x=\u00bb0&#8243; shift_y=\u00bb0&#8243; shift_y_down=\u00bb0&#8243; z_index=\u00bb0&#8243; medium_width=\u00bb0&#8243; mobile_width=\u00bb0&#8243; width=\u00bb1\/2&#8243; uncode_shortcode_id=\u00bb833564&#8243;][vc_custom_heading text_color=\u00bbaccent\u00bb sub_lead=\u00bbsmall\u00bb uncode_shortcode_id=\u00bb555079&#8243; subheading=\u00bbEn GGS, nos dedicamos a proporcionar soluciones oleohidr\u00e1ulicas de vanguardia para clientes en diversos sectores, con un enfoque especial en la miner\u00eda. Nuestra misi\u00f3n es brindar servicios de reparaci\u00f3n y productos de la m\u00e1s alta calidad, respaldados por un equipo altamente capacitado y comprometido. Buscamos constantemente superar las expectativas de nuestros clientes, contribuyendo al \u00e9xito sostenible de sus operaciones.\u00bb text_color_type=\u00bbuncode-palette\u00bb]Misi\u00f3n[\/vc_custom_heading][\/vc_column][\/vc_row][vc_row row_height_percent=\u00bb0&#8243; back_color=\u00bbcolor-jevc\u00bb overlay_alpha=\u00bb50&#8243; gutter_size=\u00bb3&#8243; column_width_percent=\u00bb100&#8243; shift_y=\u00bb0&#8243; z_index=\u00bb0&#8243; uncode_shortcode_id=\u00bb402264&#8243; back_color_type=\u00bbuncode-palette\u00bb][vc_column column_width_percent=\u00bb100&#8243; gutter_size=\u00bb3&#8243; style=\u00bbdark\u00bb overlay_alpha=\u00bb50&#8243; shift_x=\u00bb0&#8243; shift_y=\u00bb0&#8243; shift_y_down=\u00bb0&#8243; z_index=\u00bb0&#8243; medium_width=\u00bb0&#8243; mobile_width=\u00bb0&#8243; width=\u00bb1\/1&#8243; uncode_shortcode_id=\u00bb713830&#8243;][vc_row_inner][vc_column_inner column_width_percent=\u00bb100&#8243; align_horizontal=\u00bbalign_center\u00bb gutter_size=\u00bb2&#8243; overlay_alpha=\u00bb50&#8243; shift_x=\u00bb0&#8243; shift_y=\u00bb0&#8243; shift_y_down=\u00bb0&#8243; z_index=\u00bb0&#8243; medium_width=\u00bb0&#8243; mobile_width=\u00bb0&#8243; width=\u00bb1\/3&#8243; uncode_shortcode_id=\u00bb155709&#8243;][vc_single_image media=\u00bb102&#8243; media_width_percent=\u00bb70&#8243; media_ratio=\u00bbone-one\u00bb alignment=\u00bbcenter\u00bb shape=\u00bbimg-round\u00bb radius=\u00bblg\u00bb advanced=\u00bbyes\u00bb media_overlay_opacity=\u00bb50&#8243; media_image_coloration=\u00bbdesaturated\u00bb media_padding=\u00bb2&#8243; uncode_shortcode_id=\u00bb885917&#8243;][vc_custom_heading text_color=\u00bbaccent\u00bb text_size=\u00bbh4&#8243; text_weight=\u00bb400&#8243; separator=\u00bbyes\u00bb separator_color=\u00bbyes\u00bb uncode_shortcode_id=\u00bb266829&#8243; text_color_type=\u00bbuncode-palette\u00bb subheading=\u00bbGerente General\u00bb]Germ\u00e1n Gonzalez[\/vc_custom_heading][\/vc_column_inner][vc_column_inner column_width_percent=\u00bb100&#8243; align_horizontal=\u00bbalign_center\u00bb gutter_size=\u00bb2&#8243; overlay_alpha=\u00bb50&#8243; shift_x=\u00bb0&#8243; shift_y=\u00bb0&#8243; shift_y_down=\u00bb0&#8243; z_index=\u00bb0&#8243; medium_width=\u00bb0&#8243; mobile_width=\u00bb0&#8243; width=\u00bb1\/3&#8243; uncode_shortcode_id=\u00bb963079&#8243;][vc_single_image media=\u00bb105&#8243; media_width_percent=\u00bb70&#8243; media_ratio=\u00bbone-one\u00bb alignment=\u00bbcenter\u00bb shape=\u00bbimg-round\u00bb radius=\u00bblg\u00bb advanced=\u00bbyes\u00bb media_overlay_opacity=\u00bb50&#8243; media_image_coloration=\u00bbdesaturated\u00bb media_padding=\u00bb2&#8243; uncode_shortcode_id=\u00bb105123&#8243;][vc_custom_heading text_color=\u00bbaccent\u00bb text_size=\u00bbh4&#8243; text_weight=\u00bb400&#8243; separator=\u00bbyes\u00bb separator_color=\u00bbyes\u00bb uncode_shortcode_id=\u00bb181448&#8243; text_color_type=\u00bbuncode-palette\u00bb text_color_solid=\u00bb#ff0000&#8243; subheading=\u00bbGerente Administraci\u00f3n<br \/>\ny Finanzas\u00bb]Patricia Caro[\/vc_custom_heading][\/vc_column_inner][vc_column_inner column_width_percent=\u00bb100&#8243; align_horizontal=\u00bbalign_center\u00bb gutter_size=\u00bb2&#8243; overlay_alpha=\u00bb50&#8243; shift_x=\u00bb0&#8243; shift_y=\u00bb0&#8243; shift_y_down=\u00bb0&#8243; z_index=\u00bb0&#8243; medium_width=\u00bb0&#8243; mobile_width=\u00bb0&#8243; width=\u00bb1\/3&#8243; uncode_shortcode_id=\u00bb504752&#8243;][vc_single_image media=\u00bb110&#8243; media_width_percent=\u00bb70&#8243; media_ratio=\u00bbone-one\u00bb alignment=\u00bbcenter\u00bb shape=\u00bbimg-round\u00bb radius=\u00bblg\u00bb advanced=\u00bbyes\u00bb media_overlay_opacity=\u00bb50&#8243; media_image_coloration=\u00bbdesaturated\u00bb media_padding=\u00bb2&#8243; uncode_shortcode_id=\u00bb431539&#8243;][vc_custom_heading text_color=\u00bbaccent\u00bb text_size=\u00bbh4&#8243; text_weight=\u00bb400&#8243; separator=\u00bbyes\u00bb separator_color=\u00bbyes\u00bb uncode_shortcode_id=\u00bb123194&#8243; text_color_type=\u00bbuncode-palette\u00bb subheading=\u00bbGerente Comercial\u00bb]Anibal Gonzalez[\/vc_custom_heading][vc_icon icon=\u00bbfa fa-linkedin-square\u00bb icon_color=\u00bbaccent\u00bb size=\u00bbfa-2x\u00bb uncode_shortcode_id=\u00bb199647&#8243; icon_color_type=\u00bbuncode-palette\u00bb link=\u00bburl:https%3A%2F%2Fwww.linkedin.com%2Fin%2Fanibal-german-gonzalez-caro-203a46139%2F|target:_blank\u00bb][\/vc_icon][\/vc_column_inner][\/vc_row_inner][vc_single_image media=\u00bb112&#8243; media_width_percent=\u00bb80&#8243; alignment=\u00bbcenter\u00bb advanced=\u00bbyes\u00bb media_overlay_opacity=\u00bb50&#8243; media_image_coloration=\u00bbdesaturated\u00bb media_padding=\u00bb2&#8243; uncode_shortcode_id=\u00bb100555&#8243;][\/vc_column][\/vc_row][vc_row row_height_percent=\u00bb0&#8243; override_padding=\u00bbyes\u00bb h_padding=\u00bb2&#8243; top_padding=\u00bb2&#8243; bottom_padding=\u00bb2&#8243; back_color=\u00bbcolor-rgdb\u00bb overlay_alpha=\u00bb50&#8243; gutter_size=\u00bb3&#8243; column_width_percent=\u00bb100&#8243; shift_y=\u00bb0&#8243; z_index=\u00bb0&#8243; uncode_shortcode_id=\u00bb885909&#8243; back_color_type=\u00bbuncode-palette\u00bb][vc_column column_width_percent=\u00bb100&#8243; gutter_size=\u00bb3&#8243; style=\u00bbdark\u00bb overlay_alpha=\u00bb50&#8243; shift_x=\u00bb0&#8243; shift_y=\u00bb0&#8243; shift_y_down=\u00bb0&#8243; z_index=\u00bb0&#8243; medium_width=\u00bb0&#8243; mobile_width=\u00bb0&#8243; width=\u00bb1\/1&#8243; uncode_shortcode_id=\u00bb110657&#8243;][vc_custom_heading separator=\u00bbyes\u00bb separator_color=\u00bbyes\u00bb uncode_shortcode_id=\u00bb714397&#8243;]Centro Oleohidr\u00e1ulico[\/vc_custom_heading][\/vc_column][\/vc_row][vc_row row_height_percent=\u00bb0&#8243; back_color=\u00bbcolor-rgdb\u00bb overlay_alpha=\u00bb50&#8243; gutter_size=\u00bb3&#8243; column_width_percent=\u00bb100&#8243; shift_y=\u00bb0&#8243; z_index=\u00bb0&#8243; uncode_shortcode_id=\u00bb324277&#8243; back_color_type=\u00bbuncode-palette\u00bb][vc_column column_width_percent=\u00bb100&#8243; gutter_size=\u00bb3&#8243; style=\u00bbdark\u00bb overlay_alpha=\u00bb50&#8243; shift_x=\u00bb0&#8243; shift_y=\u00bb0&#8243; shift_y_down=\u00bb0&#8243; z_index=\u00bb0&#8243; medium_width=\u00bb0&#8243; mobile_width=\u00bb0&#8243; width=\u00bb1\/2&#8243; uncode_shortcode_id=\u00bb929801&#8243;][vc_single_image media=\u00bb73&#8243; media_width_percent=\u00bb100&#8243; uncode_shortcode_id=\u00bb199359&#8243;][\/vc_column][vc_column column_width_percent=\u00bb100&#8243; gutter_size=\u00bb3&#8243; style=\u00bbdark\u00bb overlay_alpha=\u00bb50&#8243; shift_x=\u00bb0&#8243; shift_y=\u00bb0&#8243; shift_y_down=\u00bb0&#8243; z_index=\u00bb0&#8243; medium_width=\u00bb0&#8243; mobile_width=\u00bb0&#8243; width=\u00bb1\/2&#8243; uncode_shortcode_id=\u00bb161390&#8243;][vc_column_text uncode_shortcode_id=\u00bb685291&#8243;]<\/p>\n<blockquote><p><em>Es una empresa con m\u00e1s de 25 a\u00f1os experiencia. Especialista en el desarrollo, fabricaci\u00f3n e importaci\u00f3n de sellos hidr\u00e1ulicos.<\/em><\/p><\/blockquote>\n<p>Reparaci\u00f3n y fabricaci\u00f3n de cilindros para \u00f3leo-hidr\u00e1ulica y neum\u00e1tica. Mecanizado de partes y piezas especiales. Importaci\u00f3n de repuestos para todo tipo de maquinaria. Asesor\u00eda, desarrollo y ejecuci\u00f3n de proyectos. Hoy en d\u00eda GGS, atiende una importante y exigente gama de clientes, que abarca el \u00e1rea industrial, construcci\u00f3n y gran miner\u00eda. Gracias a que contamos con una excelente infraestructura y gran capacidad t\u00e9cnica, podemos otorgar un servicio \u00e1gil y de calidad.[\/vc_column_text][\/vc_column][\/vc_row]<\/p>\n<\/div>","protected":false},"excerpt":{"rendered":"<p>[vc_row row_height_percent=\u00bb26&#8243; override_padding=\u00bbyes\u00bb h_padding=\u00bb2&#8243; top_padding=\u00bb3&#8243; bottom_padding=\u00bb0&#8243; back_color=\u00bbcolor-jevc\u00bb back_image=\u00bb138&#8243; parallax=\u00bbyes\u00bb overlay_color=\u00bbcolor-jevc\u00bb overlay_alpha=\u00bb49&#8243; gutter_size=\u00bb100&#8243; column_width_percent=\u00bb100&#8243; shift_y=\u00bb0&#8243; z_index=\u00bb0&#8243; bottom_divider=\u00bbstep\u00bb style=\u00bbinherited\u00bb css=\u00bb.vc_custom_1706577816735{border-top-width: 0px !important;}\u00bb [&hellip;]<\/p>\n","protected":false},"author":1,"featured_media":0,"parent":0,"menu_order":0,"comment_status":"closed","ping_status":"closed","template":"","meta":{"footnotes":""},"class_list":["post-97","page","type-page","status-publish","hentry"],"_links":{"self":[{"href":"https:\/\/ggs.cl\/index.php\/wp-json\/wp\/v2\/pages\/97","targetHints":{"allow":["GET"]}}],"collection":[{"href":"https:\/\/ggs.cl\/index.php\/wp-json\/wp\/v2\/pages"}],"about":[{"href":"https:\/\/ggs.cl\/index.php\/wp-json\/wp\/v2\/types\/page"}],"author":[{"embeddable":true,"href":"https:\/\/ggs.cl\/index.php\/wp-json\/wp\/v2\/users\/1"}],"replies":[{"embeddable":true,"href":"https:\/\/ggs.cl\/index.php\/wp-json\/wp\/v2\/comments?post=97"}],"version-history":[{"count":29,"href":"https:\/\/ggs.cl\/index.php\/wp-json\/wp\/v2\/pages\/97\/revisions"}],"predecessor-version":[{"id":353,"href":"https:\/\/ggs.cl\/index.php\/wp-json\/wp\/v2\/pages\/97\/revisions\/353"}],"wp:attachment":[{"href":"https:\/\/ggs.cl\/index.php\/wp-json\/wp\/v2\/media?parent=97"}],"curies":[{"name":"wp","href":"https:\/\/api.w.org\/{rel}","templated":true}]}}